{"id":3,"date":"2023-10-10T11:45:08","date_gmt":"2023-10-10T11:45:08","guid":{"rendered":"https:\/\/specialimo.codetec.pt\/?page_id=3"},"modified":"2024-03-29T16:46:58","modified_gmt":"2024-03-29T16:46:58","slug":"politica-privacidade","status":"publish","type":"page","link":"https:\/\/specialimo.com\/en\/politica-privacidade\/","title":{"rendered":"PRIVACY AND COOKIES POLICY"},"content":{"rendered":"<div data-elementor-type=\"wp-page\" data-elementor-id=\"3\" class=\"elementor elementor-3\" data-elementor-post-type=\"page\">\n\t\t\t\t<div data-particle_enable=\"false\" data-particle-mobile-disabled=\"false\" class=\"elementor-element elementor-element-89db674 e-con-full e-flex e-con e-parent\" data-id=\"89db674\" data-element_type=\"container\">\n\t\t\t\t<div class=\"elementor-element elementor-element-885aa43 elementor-widget elementor-widget-heading\" data-id=\"885aa43\" data-element_type=\"widget\" data-widget_type=\"heading.default\">\n\t\t\t\t<div class=\"elementor-widget-container\">\n\t\t\t\t\t<h2 class=\"elementor-heading-title elementor-size-default\">PRIVACY AND COOKIES POLICY<\/h2>\t\t\t\t<\/div>\n\t\t\t\t<\/div>\n\t\t\t\t<\/div>\n\t\t<div data-particle_enable=\"false\" data-particle-mobile-disabled=\"false\" class=\"elementor-element elementor-element-589ba059 e-flex e-con-boxed e-con e-parent\" data-id=\"589ba059\" data-element_type=\"container\">\n\t\t\t\t\t<div class=\"e-con-inner\">\n\t\t\t\t<div class=\"elementor-element elementor-element-2e26e2df elementor-widget elementor-widget-text-editor\" data-id=\"2e26e2df\" data-element_type=\"widget\" data-widget_type=\"text-editor.default\">\n\t\t\t\t<div class=\"elementor-widget-container\">\n\t\t\t\t\t\t\t\t\t\n<p>Safeguarding the privacy of Site users constitutes a serious commitment by\u00a0<strong>SPECIALIMO, UNIPESSOAL LDA,<\/strong>who believes that the responsible use of personal information in accordance with suitability criteria, the need for and respect for private life is of fundamental importance.<\/p>\n<ol>\n<li><strong>SPECIALIMO IS COVERED BY THE CRITERIA OF GENERAL DATA PROTECTION REGULATION?<\/strong><\/li>\n<\/ol>\n<p>A\u00a0<strong>SPECIALIMO, UNIPESSOAL LDA,<\/strong>\u00a0is subject to the legislation on the protection of personal data, taking all necessary measures to ensure compliance all applicable legal requirements for the protection of personal data.<\/p>\n<ol start=\"2\">\n<li><strong>WHEN WILL MY DATA BE COLLECTED BY SPECIALIMO?<\/strong><\/li>\n<\/ol>\n<p>The data collected through this contract and those which may be collected during the contractual relationship (hereinafter referred to as \"Data\"); as well as by telephone or e-mail from our booking\/commercial department; makes a reservation on the website; sends a message through one of our social networks or subscribes to our newsletter list;<\/p>\n<p>Still on social networks: We can include in our website third party software applications that allow sharing content from our website with other people or make known to others your consultation or your opinion regarding a content of our website. This is notably the case with the buttons \u00abShare\u00bb, \u00abI like\u00bb social networks such as Facebook, Instagram, etc. The social network that provides this application button can identify you through this button, even if you have not used this button during your visit to our website. In effect, this type of application button may allow the respective social network to track your navigation through our website, if only your account on the respective social network is active on your terminal (open session) while browsing our website. We have no control over the process used by social networks to collect information relating to their navigation through our website and associated with the personal data available to them. We invite you to consult the privacy policies of these social networks to learn about the purposes of use, advertising, the navigation information you can collect due to these application buttons. These protection policies should allow you to exercise your choices on these social networks, by setting up their user accounts on each of these networks.<\/p>\n<p>All data shall be processed by\u00a0<strong>SPECIALIMO<\/strong>\u00a0for the purposes of management, maintenance, development, control and optimization of the contractual relationship between the CLIENT and the COMPANY.<\/p>\n<ol start=\"3\">\n<li><strong>WHAT ARE THE PURPOSES?<\/strong><\/li>\n<\/ol>\n<p>A\u00a0<strong>SPECIALIMO<\/strong>\u00a0may process the Data for the purpose of sending advertising and commercial communication of its own products and services by any means (including mail, telephone, e-mail or any other telematic means). It also includes the management of your reserves; management of the loyalty program; improvement and personalization of our services; management and monitoring of the customer relationship; newsletter subscription management; management of operations related to prospecting; development of commercial statistics; management of their requests for access, rectification and opposition; management of debts and litigation.<\/p>\n<p>The Client may at any time oppose receiving these communications and this shall not affect the management, maintenance, development, control and optimization of the contractual relationship.<\/p>\n<p>The Data shall be kept by\u00a0<strong>SPECIALIMO<\/strong>\u00a0Upon completion of the contractual relationship, the COMPANY will retain the Data in the interest of a future business relationship or to address potential responsibilities that may arise from the processing of such Data. For marketing purposes, the data will be kept for 5 (five) years from the last interaction between SPECIALIMO and the data subject.<\/p>\n<p>A\u00a0<strong>SPECIALIMO<\/strong>\u00a0ensures the protection of the security of the personal data it handles. To this end, it has adopted several technical and organizational security measures, in order to protect personal data against their dissemination, loss, misuse, alteration, processing or unauthorized access, as well as against any other form of unlawful processing.<\/p>\n<ol start=\"4\">\n<li><strong>COMO POSSO PEDIR \u00c0 EMPRESA PARA APAGAR OS MEUS DADOS RGPD?<\/strong><\/li>\n<\/ol>\n<p>Personal rights holders may exercise their rights of access, rectification, cancellation, opposition, portability and limitation of processing by sending an email to the Data Protection Officer of\u00a0<strong>SPECIALIMO, UNIPESSOAL LDA,<\/strong>:\u00a0<strong>ines@specialimo.com,<\/strong>\u00a0attaching their national identification number or an equivalent document proving their identity. In addition, data subjects are entitled to submit a complaint with the National Data Protection Commission (CNPD).<\/p>\n<p>\u00a0<\/p>\n<p><strong>COOKIES<\/strong><\/p>\n<p><strong>What cookies are?<\/strong><\/p>\n<p>\u201cCookies\u201d are small software labels that are stored on your computer via browser, retaining only information related to their preferences, not including, as such, user personal data.<\/p>\n<p><strong>\u00a0What are the Cookies for?<\/strong><\/p>\n<p>Cookies serve to help determine the usefulness, interest and number of uses of their websites, allowing faster and more efficient navigation, eliminating the need to repeatedly enter the same information.<\/p>\n<p><strong>What kind of Cookies do we use?<\/strong><\/p>\n<p>Cookies third-party analytics - They are used anonymously for the purposes of creating and analyzing statistics in order to improve the functioning of the website.<\/p>\n<p><strong>How to manage cookies?<\/strong><\/p>\n<p>All browsers allow the user to accept, refuse or delete cookies, including by selecting the appropriate settings in your browser. User can set cookies in the menu \u201coptions\u201d or \u201cpreferences\u201d of his browser. It should be noted, however, that by disabling cookies, user may prevent some web services from working properly, affecting part or all the website\u2019s navigation.<\/p>\n\t\t\t\t\t\t\t\t<\/div>\n\t\t\t\t<\/div>\n\t\t\t\t\t<\/div>\n\t\t\t\t<\/div>\n\t\t\t\t<\/div>","protected":false},"excerpt":{"rendered":"<p>Pol\u00edtica de privacidade A salvaguarda da privacidade dos utilizadores do Site constitui um compromisso s\u00e9rio da\u00a0SPECIALIMO, UNIPESSOAL LDA, que acredita que o uso respons\u00e1vel da informa\u00e7\u00e3o pessoal, segundo crit\u00e9rios de adequa\u00e7\u00e3o, necessidade e respeito pela vida privada, assume uma import\u00e2ncia fundamental. A SPECIALIMO EST\u00c1 ABRANGIDA PELOS CRIT\u00c9RIOS DO RGPD? A\u00a0SPECIALIMO, UNIPESSOAL LDA\u00a0encontra-se sujeita \u00e0 legisla\u00e7\u00e3o [&hellip;]<\/p>","protected":false},"author":1,"featured_media":0,"parent":0,"menu_order":0,"comment_status":"closed","ping_status":"open","template":"elementor_header_footer","meta":{"_eb_attr":"","ocean_post_layout":"","ocean_both_sidebars_style":"","ocean_both_sidebars_content_width":0,"ocean_both_sidebars_sidebars_width":0,"ocean_sidebar":"","ocean_second_sidebar":"","ocean_disable_margins":"enable","ocean_add_body_class":"","ocean_shortcode_before_top_bar":"","ocean_shortcode_after_top_bar":"","ocean_shortcode_before_header":"","ocean_shortcode_after_header":"","ocean_has_shortcode":"","ocean_shortcode_after_title":"","ocean_shortcode_before_footer_widgets":"","ocean_shortcode_after_footer_widgets":"","ocean_shortcode_before_footer_bottom":"","ocean_shortcode_after_footer_bottom":"","ocean_display_top_bar":"default","ocean_display_header":"default","ocean_header_style":"","ocean_center_header_left_menu":"","ocean_custom_header_template":"","ocean_custom_logo":0,"ocean_custom_retina_logo":0,"ocean_custom_logo_max_width":0,"ocean_custom_logo_tablet_max_width":0,"ocean_custom_logo_mobile_max_width":0,"ocean_custom_logo_max_height":0,"ocean_custom_logo_tablet_max_height":0,"ocean_custom_logo_mobile_max_height":0,"ocean_header_custom_menu":"","ocean_menu_typo_font_family":"","ocean_menu_typo_font_subset":"","ocean_menu_typo_font_size":0,"ocean_menu_typo_font_size_tablet":0,"ocean_menu_typo_font_size_mobile":0,"ocean_menu_typo_font_size_unit":"px","ocean_menu_typo_font_weight":"","ocean_menu_typo_font_weight_tablet":"","ocean_menu_typo_font_weight_mobile":"","ocean_menu_typo_transform":"","ocean_menu_typo_transform_tablet":"","ocean_menu_typo_transform_mobile":"","ocean_menu_typo_line_height":0,"ocean_menu_typo_line_height_tablet":0,"ocean_menu_typo_line_height_mobile":0,"ocean_menu_typo_line_height_unit":"","ocean_menu_typo_spacing":0,"ocean_menu_typo_spacing_tablet":0,"ocean_menu_typo_spacing_mobile":0,"ocean_menu_typo_spacing_unit":"","ocean_menu_link_color":"","ocean_menu_link_color_hover":"","ocean_menu_link_color_active":"","ocean_menu_link_background":"","ocean_menu_link_hover_background":"","ocean_menu_link_active_background":"","ocean_menu_social_links_bg":"","ocean_menu_social_hover_links_bg":"","ocean_menu_social_links_color":"","ocean_menu_social_hover_links_color":"","ocean_disable_title":"default","ocean_disable_heading":"default","ocean_post_title":"","ocean_post_subheading":"","ocean_post_title_style":"","ocean_post_title_background_color":"","ocean_post_title_background":0,"ocean_post_title_bg_image_position":"","ocean_post_title_bg_image_attachment":"","ocean_post_title_bg_image_repeat":"","ocean_post_title_bg_image_size":"","ocean_post_title_height":0,"ocean_post_title_bg_overlay":0.5,"ocean_post_title_bg_overlay_color":"","ocean_disable_breadcrumbs":"default","ocean_breadcrumbs_color":"","ocean_breadcrumbs_separator_color":"","ocean_breadcrumbs_links_color":"","ocean_breadcrumbs_links_hover_color":"","ocean_display_footer_widgets":"default","ocean_display_footer_bottom":"default","ocean_custom_footer_template":"","_joinchat":[],"footnotes":""},"class_list":["post-3","page","type-page","status-publish","hentry","entry"],"yoast_head":"<!-- This site is optimized with the Yoast SEO plugin v27.3 - https:\/\/yoast.com\/product\/yoast-seo-wordpress\/ -->\n<title>Pol\u00edtica de privacidade - Aluguer de carros e van com motorista - Specialimo<\/title>\n<meta name=\"robots\" content=\"index, follow, max-snippet:-1, max-image-preview:large, max-video-preview:-1\" \/>\n<link rel=\"canonical\" href=\"https:\/\/specialimo.com\/en\/politica-privacidade\/\" \/>\n<meta property=\"og:locale\" content=\"en_US\" \/>\n<meta property=\"og:type\" content=\"article\" \/>\n<meta property=\"og:title\" content=\"Pol\u00edtica de privacidade - Aluguer de carros e van com motorista - Specialimo\" \/>\n<meta property=\"og:description\" content=\"Pol\u00edtica de privacidade A salvaguarda da privacidade dos utilizadores do Site constitui um compromisso s\u00e9rio da\u00a0SPECIALIMO, UNIPESSOAL LDA, que acredita que o uso respons\u00e1vel da informa\u00e7\u00e3o pessoal, segundo crit\u00e9rios de adequa\u00e7\u00e3o, necessidade e respeito pela vida privada, assume uma import\u00e2ncia fundamental. A SPECIALIMO EST\u00c1 ABRANGIDA PELOS CRIT\u00c9RIOS DO RGPD? A\u00a0SPECIALIMO, UNIPESSOAL LDA\u00a0encontra-se sujeita \u00e0 legisla\u00e7\u00e3o [&hellip;]\" \/>\n<meta property=\"og:url\" content=\"https:\/\/specialimo.com\/en\/politica-privacidade\/\" \/>\n<meta property=\"og:site_name\" content=\"Aluguer de carros e van com motorista - Specialimo\" \/>\n<meta property=\"article:modified_time\" content=\"2024-03-29T16:46:58+00:00\" \/>\n<meta name=\"twitter:card\" content=\"summary_large_image\" \/>\n<meta name=\"twitter:label1\" content=\"Est. reading time\" \/>\n\t<meta name=\"twitter:data1\" content=\"5 minutes\" \/>\n<script type=\"application\/ld+json\" class=\"yoast-schema-graph\">{\"@context\":\"https:\\\/\\\/schema.org\",\"@graph\":[{\"@type\":\"WebPage\",\"@id\":\"https:\\\/\\\/specialimo.com\\\/politica-privacidade\\\/\",\"url\":\"https:\\\/\\\/specialimo.com\\\/politica-privacidade\\\/\",\"name\":\"Pol\u00edtica de privacidade - Aluguer de carros e van com motorista - Specialimo\",\"isPartOf\":{\"@id\":\"https:\\\/\\\/specialimo.com\\\/#website\"},\"datePublished\":\"2023-10-10T11:45:08+00:00\",\"dateModified\":\"2024-03-29T16:46:58+00:00\",\"breadcrumb\":{\"@id\":\"https:\\\/\\\/specialimo.com\\\/politica-privacidade\\\/#breadcrumb\"},\"inLanguage\":\"en-US\",\"potentialAction\":[{\"@type\":\"ReadAction\",\"target\":[\"https:\\\/\\\/specialimo.com\\\/politica-privacidade\\\/\"]}]},{\"@type\":\"BreadcrumbList\",\"@id\":\"https:\\\/\\\/specialimo.com\\\/politica-privacidade\\\/#breadcrumb\",\"itemListElement\":[{\"@type\":\"ListItem\",\"position\":1,\"name\":\"In\u00edcio\",\"item\":\"https:\\\/\\\/specialimo.com\\\/\"},{\"@type\":\"ListItem\",\"position\":2,\"name\":\"Pol\u00edtica de privacidade\"}]},{\"@type\":\"WebSite\",\"@id\":\"https:\\\/\\\/specialimo.com\\\/#website\",\"url\":\"https:\\\/\\\/specialimo.com\\\/\",\"name\":\"Aluguer de carros e van com motorista - Specialimo\",\"description\":\" Aluguer de carros, van, minibus e autocarro com motorista\",\"publisher\":{\"@id\":\"https:\\\/\\\/specialimo.com\\\/#organization\"},\"potentialAction\":[{\"@type\":\"SearchAction\",\"target\":{\"@type\":\"EntryPoint\",\"urlTemplate\":\"https:\\\/\\\/specialimo.com\\\/?s={search_term_string}\"},\"query-input\":{\"@type\":\"PropertyValueSpecification\",\"valueRequired\":true,\"valueName\":\"search_term_string\"}}],\"inLanguage\":\"en-US\"},{\"@type\":\"Organization\",\"@id\":\"https:\\\/\\\/specialimo.com\\\/#organization\",\"name\":\"Aluguer de carros e van com motorista - Specialimo\",\"url\":\"https:\\\/\\\/specialimo.com\\\/\",\"logo\":{\"@type\":\"ImageObject\",\"inLanguage\":\"en-US\",\"@id\":\"https:\\\/\\\/specialimo.com\\\/#\\\/schema\\\/logo\\\/image\\\/\",\"url\":\"https:\\\/\\\/specialimo.com\\\/wp-content\\\/uploads\\\/2023\\\/10\\\/logo.png\",\"contentUrl\":\"https:\\\/\\\/specialimo.com\\\/wp-content\\\/uploads\\\/2023\\\/10\\\/logo.png\",\"width\":422,\"height\":165,\"caption\":\"Aluguer de carros e van com motorista - Specialimo\"},\"image\":{\"@id\":\"https:\\\/\\\/specialimo.com\\\/#\\\/schema\\\/logo\\\/image\\\/\"}}]}<\/script>\n<!-- \/ Yoast SEO plugin. -->","yoast_head_json":{"title":"Pol\u00edtica de privacidade - Aluguer de carros e van com motorista - Specialimo","robots":{"index":"index","follow":"follow","max-snippet":"max-snippet:-1","max-image-preview":"max-image-preview:large","max-video-preview":"max-video-preview:-1"},"canonical":"https:\/\/specialimo.com\/en\/politica-privacidade\/","og_locale":"en_US","og_type":"article","og_title":"Pol\u00edtica de privacidade - Aluguer de carros e van com motorista - Specialimo","og_description":"Pol\u00edtica de privacidade A salvaguarda da privacidade dos utilizadores do Site constitui um compromisso s\u00e9rio da\u00a0SPECIALIMO, UNIPESSOAL LDA, que acredita que o uso respons\u00e1vel da informa\u00e7\u00e3o pessoal, segundo crit\u00e9rios de adequa\u00e7\u00e3o, necessidade e respeito pela vida privada, assume uma import\u00e2ncia fundamental. A SPECIALIMO EST\u00c1 ABRANGIDA PELOS CRIT\u00c9RIOS DO RGPD? A\u00a0SPECIALIMO, UNIPESSOAL LDA\u00a0encontra-se sujeita \u00e0 legisla\u00e7\u00e3o [&hellip;]","og_url":"https:\/\/specialimo.com\/en\/politica-privacidade\/","og_site_name":"Aluguer de carros e van com motorista - Specialimo","article_modified_time":"2024-03-29T16:46:58+00:00","twitter_card":"summary_large_image","twitter_misc":{"Est. reading time":"5 minutes"},"schema":{"@context":"https:\/\/schema.org","@graph":[{"@type":"WebPage","@id":"https:\/\/specialimo.com\/politica-privacidade\/","url":"https:\/\/specialimo.com\/politica-privacidade\/","name":"Pol\u00edtica de privacidade - Aluguer de carros e van com motorista - Specialimo","isPartOf":{"@id":"https:\/\/specialimo.com\/#website"},"datePublished":"2023-10-10T11:45:08+00:00","dateModified":"2024-03-29T16:46:58+00:00","breadcrumb":{"@id":"https:\/\/specialimo.com\/politica-privacidade\/#breadcrumb"},"inLanguage":"en-US","potentialAction":[{"@type":"ReadAction","target":["https:\/\/specialimo.com\/politica-privacidade\/"]}]},{"@type":"BreadcrumbList","@id":"https:\/\/specialimo.com\/politica-privacidade\/#breadcrumb","itemListElement":[{"@type":"ListItem","position":1,"name":"In\u00edcio","item":"https:\/\/specialimo.com\/"},{"@type":"ListItem","position":2,"name":"Pol\u00edtica de privacidade"}]},{"@type":"WebSite","@id":"https:\/\/specialimo.com\/#website","url":"https:\/\/specialimo.com\/","name":"Aluguer de carros e van com motorista - Specialimo","description":"Aluguer de carros, van, minibus e autocarro com motorista","publisher":{"@id":"https:\/\/specialimo.com\/#organization"},"potentialAction":[{"@type":"SearchAction","target":{"@type":"EntryPoint","urlTemplate":"https:\/\/specialimo.com\/?s={search_term_string}"},"query-input":{"@type":"PropertyValueSpecification","valueRequired":true,"valueName":"search_term_string"}}],"inLanguage":"en-US"},{"@type":"Organization","@id":"https:\/\/specialimo.com\/#organization","name":"Aluguer de carros e van com motorista - Specialimo","url":"https:\/\/specialimo.com\/","logo":{"@type":"ImageObject","inLanguage":"en-US","@id":"https:\/\/specialimo.com\/#\/schema\/logo\/image\/","url":"https:\/\/specialimo.com\/wp-content\/uploads\/2023\/10\/logo.png","contentUrl":"https:\/\/specialimo.com\/wp-content\/uploads\/2023\/10\/logo.png","width":422,"height":165,"caption":"Aluguer de carros e van com motorista - Specialimo"},"image":{"@id":"https:\/\/specialimo.com\/#\/schema\/logo\/image\/"}}]}},"_links":{"self":[{"href":"https:\/\/specialimo.com\/en\/wp-json\/wp\/v2\/pages\/3","targetHints":{"allow":["GET"]}}],"collection":[{"href":"https:\/\/specialimo.com\/en\/wp-json\/wp\/v2\/pages"}],"about":[{"href":"https:\/\/specialimo.com\/en\/wp-json\/wp\/v2\/types\/page"}],"author":[{"embeddable":true,"href":"https:\/\/specialimo.com\/en\/wp-json\/wp\/v2\/users\/1"}],"replies":[{"embeddable":true,"href":"https:\/\/specialimo.com\/en\/wp-json\/wp\/v2\/comments?post=3"}],"version-history":[{"count":9,"href":"https:\/\/specialimo.com\/en\/wp-json\/wp\/v2\/pages\/3\/revisions"}],"predecessor-version":[{"id":18,"href":"https:\/\/specialimo.com\/en\/wp-json\/wp\/v2\/pages\/3\/revisions\/18"}],"wp:attachment":[{"href":"https:\/\/specialimo.com\/en\/wp-json\/wp\/v2\/media?parent=3"}],"curies":[{"name":"wp","href":"https:\/\/api.w.org\/{rel}","templated":true}]}}