{"id":1688,"date":"2023-10-15T12:11:06","date_gmt":"2023-10-15T12:11:06","guid":{"rendered":"https:\/\/specialimo.codetec.pt\/?page_id=1688"},"modified":"2024-03-29T17:11:41","modified_gmt":"2024-03-29T17:11:41","slug":"termos-e-condicoes","status":"publish","type":"page","link":"https:\/\/specialimo.com\/es\/termos-e-condicoes\/","title":{"rendered":"T\u00e9rminos y Condiciones"},"content":{"rendered":"<div data-elementor-type=\"wp-page\" data-elementor-id=\"1688\" class=\"elementor elementor-1688\" data-elementor-post-type=\"page\">\n\t\t\t\t<div data-particle_enable=\"false\" data-particle-mobile-disabled=\"false\" class=\"elementor-element elementor-element-89db674 e-con-full e-flex e-con e-parent\" data-id=\"89db674\" data-element_type=\"container\">\n\t\t\t\t<div class=\"elementor-element elementor-element-885aa43 elementor-widget elementor-widget-heading\" data-id=\"885aa43\" data-element_type=\"widget\" data-widget_type=\"heading.default\">\n\t\t\t\t<div class=\"elementor-widget-container\">\n\t\t\t\t\t<h2 class=\"elementor-heading-title elementor-size-default\">T\u00e9rminos y Condiciones<\/h2>\t\t\t\t<\/div>\n\t\t\t\t<\/div>\n\t\t\t\t<\/div>\n\t\t<div data-particle_enable=\"false\" data-particle-mobile-disabled=\"false\" class=\"elementor-element elementor-element-589ba059 e-flex e-con-boxed e-con e-parent\" data-id=\"589ba059\" data-element_type=\"container\">\n\t\t\t\t\t<div class=\"e-con-inner\">\n\t\t\t\t<div class=\"elementor-element elementor-element-2e26e2df elementor-widget elementor-widget-text-editor\" data-id=\"2e26e2df\" data-element_type=\"widget\" data-widget_type=\"text-editor.default\">\n\t\t\t\t<div class=\"elementor-widget-container\">\n\t\t\t\t\t\t\t\t\t\n<p><strong>CONDITIONES GENERALES<\/strong><\/p>\n<p><strong>\u00a0<\/strong><\/p>\n<p>La marca Specialimo Travel Group perteneciente a la empresa Specialimo Unipessoal Lda, est\u00e1 registrada con las siguientes licencias:<\/p>\n<ul>\n<li>RNAAT 60\/2006<\/li>\n<li>RNAVT 2847<\/li>\n<li>Transporte de Pasajeros Pesados TP200746<\/li>\n<\/ul>\n<p>\u00a0<\/p>\n<p>Todos los veh\u00edculos y pasajeros est\u00e1n cubiertos por seguros obligatorios en la legislaci\u00f3n vigente:<\/p>\n<ul>\n<li>Seguro de responsabilidad civil<\/li>\n<li>Seguro de accidentes personales<\/li>\n<li>Seguro de la Flota<\/li>\n<\/ul>\n<p>\u00a0<\/p>\n<p>3 - En los Tours, traslados y servicio a la disposici\u00f3n:<\/p>\n<p>3.1- Los peajes y los gastos del conductor est\u00e1n incluidos<\/p>\n<p>3.2- No se incluyen en lo servicio a la disposici\u00f3n los costes de parques y peajes<\/p>\n<p>3.3- Tours a iniciar y\/o terminar fuera de Lisboa tiene un aumento del valor del transfer hasta el lugar de inicio o fin del Tour<\/p>\n<p>3.4- Traslados entre las 20H y las 8H tienen un aumento de 20% del suplemento nocturno<\/p>\n<p>3.5- Servicios continuados despu\u00e9s de las 20 horas se incrementan con el valor de la comida del conductor<\/p>\n<p>3.6- Los tours no incluyen comidas de los clientes, entradas en monumentos y gu\u00edas oficiales.<\/p>\n<p>\u00a0<\/p>\n<p>\u00a0<\/p>\n<p>4- No nos responsabilizamos de objetos robados, extraviados u olvidados dentro de nuestros veh\u00edculos.<\/p>\n<p>\u00a0<\/p>\n<p>5- No nos responsabilizamos del exceso de equipaje o de dimensiones inusuales que, por falta de aviso previo en el momento de la adjudicaci\u00f3n del servicio, no permitan la utilizaci\u00f3n del veh\u00edculo contratado.<\/p>\n<p>\u00a0<\/p>\n<p>6- Despu\u00e9s del tiempo de espera previsto para los traslados de llegada se aplicar\u00e1 el valor por hora extra en su capacidad:<\/p>\n<ul>\n<li>Vuelos internationales - tiempo de espera contemplado 2 horas de espera<\/li>\n<li>Vuelos Europeos - tiempo de espera contemplado 1 hora de espera.<\/li>\n<\/ul>\n<p>\u00a0<\/p>\n<p>European Flights \u2013 1 hour waiting<\/p>\n<ul>\n<li>Comer<\/li>\n<li>Fumar<\/li>\n<li>Consumo de bebidas alcoh\u00f3licas<\/li>\n<\/ul>\n<p>\u00a0<\/p>\n<p>8 \u2013 Specialimo Travel Group Specialimo Travel Group tiene el derecho a negarse a transportar a cualquier persona que se presente bajo los efectos de alcohol o drogas, as\u00ed como cualquier comportamiento que se considere una amenaza para el conductor, el veh\u00edculo o los dem\u00e1s viajeros.<\/p>\n<p>\u00a0<\/p>\n<p>9- Existen condiciones que nos superan y que pueden alterar el funcionamiento normal de nuestros servicios:<\/p>\n<p>9.1-Condiciones meteorol\u00f3gicas<\/p>\n<p>9.2- Tr\u00e1fico intenso, por accidente, obras, huelgas, o cualquier otra situaci\u00f3n que no podamos controlar<\/p>\n<p>9.3- Imposibilidad de entrar en los monumentos por razones que nos son ajenas<\/p>\n<p>\u00a0<\/p>\n<p>10- Los precios indicados est\u00e1n sujetos a cambio sin necesidad de preaviso<\/p>\n<p>\u00a0<\/p>\n<p><strong>CONDICIONES RESERVAS Y PAGOS<\/strong><\/p>\n<p>1- Todas las reservas deben hacerse por correo electr\u00f3nico,\u00a0<a href=\"mailto:info@specialimo.com\">info@specialimo.com<\/a>\u00a0o\u00a0<a href=\"mailto:geral@specialimo.com\">geral@specialimo.com<\/a>\u00a0por el formulario de reservas presente en el sitio web.<\/p>\n<p>2- La reserva s\u00f3lo es v\u00e1lida cuando se confirma por correo electr\u00f3nico y despu\u00e9s de la recepci\u00f3n de la correspondiente prueba de pago, salvo indicaci\u00f3n contraria expresa por escrito.<\/p>\n<p>3- Las cancelaciones est\u00e1n sujetas a la siguiente pol\u00edtica, salvo indicaci\u00f3n contraria expresa por escrito:<\/p>\n<p>3.1- Hasta 7 d\u00edas de la fecha del servicio penalizaci\u00f3n del 25%<\/p>\n<p>3.2- Hasta 48 horas de la fecha del servicio penalizaci\u00f3n del 50%<\/p>\n<p>3.3- Entre 48 horas y el mismo d\u00eda son penalizados en el 100% del valor del servicio.<\/p>\n<p>3.4- Falta de presentaci\u00f3n por parte del cliente en el lugar, d\u00eda y hora establecida, se considera desistimiento y se produce en la p\u00e9rdida total del pago efectuado sin tener lugar la reclamaci\u00f3n ni reembolso.<\/p>\n<p>\u00a0<\/p>\n<p>4- Las visitas con gu\u00edas locales oficiales deben solicitarse en el momento de la reserva.<\/p>\n<p>\u00a0<\/p>\n<p>5- En caso de que existan clientes menores es obligaci\u00f3n del cliente informar en el momento de la reserva, para que sea posible disponer de los equipos de seguridad necesarios para la realizaci\u00f3n del transporte, de conformidad con la legislaci\u00f3n vigente y para garantizar la m\u00e1xima seguridad del menor.<\/p>\n<p>\u00a0<\/p>\n<p>6- Specialimo Travel Group se reserva el derecho de solicitar una fianza en servicios considerados de riesgo para el autom\u00f3vil, como ejemplo, despedidas de soltero\/a, transporte de claques, colocaci\u00f3n de vinilo u otros accesorios, comprometi\u00e9ndose a devolver la fianza al final del servicio si no hay ning\u00fan da\u00f1o.<\/p>\n<p>\u00a0<\/p>\n<ul>\n<li><strong>CAMBIO DE RESERVA<\/strong><\/li>\n<\/ul>\n<ul>\n<li>Changing reservations are subject to:<\/li>\n<li>Confirmaci\u00f3n de disponibilidad para las nuevas fechas<\/li>\n<li>Modificaci\u00f3n de las cifras presupuestas inicialmente<\/li>\n<\/ul>\n\t\t\t\t\t\t\t\t<\/div>\n\t\t\t\t<\/div>\n\t\t\t\t\t<\/div>\n\t\t\t\t<\/div>\n\t\t\t\t<\/div>","protected":false},"excerpt":{"rendered":"<p>Termos e Condi\u00e7\u00f5es CONDI\u00c7\u00d5ES GERAIS \u00a0 1 \u2013 A marca Specialimo Travel Group pertencente \u00e0 empresa Specialimo Unipessoal Lda, est\u00e1 registada com os seguintes alvar\u00e1s: RNAAT 60\/2006 RNAVT 2847 Transporte de Pesados de Passageiros TP200746 \u00a0 2 \u2013 Todos as viaturas e passageiros est\u00e3o cobertos pelos seguros obrigat\u00f3rios na legisla\u00e7\u00e3o em vigor: Seguro de Responsabilidade [&hellip;]<\/p>","protected":false},"author":1,"featured_media":0,"parent":0,"menu_order":0,"comment_status":"closed","ping_status":"closed","template":"elementor_header_footer","meta":{"_eb_attr":"","ocean_post_layout":"","ocean_both_sidebars_style":"","ocean_both_sidebars_content_width":0,"ocean_both_sidebars_sidebars_width":0,"ocean_sidebar":"","ocean_second_sidebar":"","ocean_disable_margins":"enable","ocean_add_body_class":"","ocean_shortcode_before_top_bar":"","ocean_shortcode_after_top_bar":"","ocean_shortcode_before_header":"","ocean_shortcode_after_header":"","ocean_has_shortcode":"","ocean_shortcode_after_title":"","ocean_shortcode_before_footer_widgets":"","ocean_shortcode_after_footer_widgets":"","ocean_shortcode_before_footer_bottom":"","ocean_shortcode_after_footer_bottom":"","ocean_display_top_bar":"default","ocean_display_header":"default","ocean_header_style":"","ocean_center_header_left_menu":"","ocean_custom_header_template":"","ocean_custom_logo":0,"ocean_custom_retina_logo":0,"ocean_custom_logo_max_width":0,"ocean_custom_logo_tablet_max_width":0,"ocean_custom_logo_mobile_max_width":0,"ocean_custom_logo_max_height":0,"ocean_custom_logo_tablet_max_height":0,"ocean_custom_logo_mobile_max_height":0,"ocean_header_custom_menu":"","ocean_menu_typo_font_family":"","ocean_menu_typo_font_subset":"","ocean_menu_typo_font_size":0,"ocean_menu_typo_font_size_tablet":0,"ocean_menu_typo_font_size_mobile":0,"ocean_menu_typo_font_size_unit":"px","ocean_menu_typo_font_weight":"","ocean_menu_typo_font_weight_tablet":"","ocean_menu_typo_font_weight_mobile":"","ocean_menu_typo_transform":"","ocean_menu_typo_transform_tablet":"","ocean_menu_typo_transform_mobile":"","ocean_menu_typo_line_height":0,"ocean_menu_typo_line_height_tablet":0,"ocean_menu_typo_line_height_mobile":0,"ocean_menu_typo_line_height_unit":"","ocean_menu_typo_spacing":0,"ocean_menu_typo_spacing_tablet":0,"ocean_menu_typo_spacing_mobile":0,"ocean_menu_typo_spacing_unit":"","ocean_menu_link_color":"","ocean_menu_link_color_hover":"","ocean_menu_link_color_active":"","ocean_menu_link_background":"","ocean_menu_link_hover_background":"","ocean_menu_link_active_background":"","ocean_menu_social_links_bg":"","ocean_menu_social_hover_links_bg":"","ocean_menu_social_links_color":"","ocean_menu_social_hover_links_color":"","ocean_disable_title":"default","ocean_disable_heading":"default","ocean_post_title":"","ocean_post_subheading":"","ocean_post_title_style":"","ocean_post_title_background_color":"","ocean_post_title_background":0,"ocean_post_title_bg_image_position":"","ocean_post_title_bg_image_attachment":"","ocean_post_title_bg_image_repeat":"","ocean_post_title_bg_image_size":"","ocean_post_title_height":0,"ocean_post_title_bg_overlay":0.5,"ocean_post_title_bg_overlay_color":"","ocean_disable_breadcrumbs":"default","ocean_breadcrumbs_color":"","ocean_breadcrumbs_separator_color":"","ocean_breadcrumbs_links_color":"","ocean_breadcrumbs_links_hover_color":"","ocean_display_footer_widgets":"default","ocean_display_footer_bottom":"default","ocean_custom_footer_template":"","_joinchat":[],"footnotes":""},"class_list":["post-1688","page","type-page","status-publish","hentry","entry"],"yoast_head":"<!-- This site is optimized with the Yoast SEO plugin v27.4 - https:\/\/yoast.com\/product\/yoast-seo-wordpress\/ -->\n<title>Termos e Condi\u00e7\u00f5es - Aluguer de carros e van com motorista - Specialimo<\/title>\n<meta name=\"robots\" content=\"index, follow, max-snippet:-1, max-image-preview:large, max-video-preview:-1\" \/>\n<link rel=\"canonical\" href=\"https:\/\/specialimo.com\/es\/termos-e-condicoes\/\" \/>\n<meta property=\"og:locale\" content=\"es_ES\" \/>\n<meta property=\"og:type\" content=\"article\" \/>\n<meta property=\"og:title\" content=\"Termos e Condi\u00e7\u00f5es - Aluguer de carros e van com motorista - Specialimo\" \/>\n<meta property=\"og:description\" content=\"Termos e Condi\u00e7\u00f5es CONDI\u00c7\u00d5ES GERAIS \u00a0 1 \u2013 A marca Specialimo Travel Group pertencente \u00e0 empresa Specialimo Unipessoal Lda, est\u00e1 registada com os seguintes alvar\u00e1s: RNAAT 60\/2006 RNAVT 2847 Transporte de Pesados de Passageiros TP200746 \u00a0 2 \u2013 Todos as viaturas e passageiros est\u00e3o cobertos pelos seguros obrigat\u00f3rios na legisla\u00e7\u00e3o em vigor: Seguro de Responsabilidade [&hellip;]\" \/>\n<meta property=\"og:url\" content=\"https:\/\/specialimo.com\/es\/termos-e-condicoes\/\" \/>\n<meta property=\"og:site_name\" content=\"Aluguer de carros e van com motorista - Specialimo\" \/>\n<meta property=\"article:modified_time\" content=\"2024-03-29T17:11:41+00:00\" \/>\n<meta name=\"twitter:card\" content=\"summary_large_image\" \/>\n<meta name=\"twitter:label1\" content=\"Tiempo de lectura\" \/>\n\t<meta name=\"twitter:data1\" content=\"3 minutos\" \/>\n<script type=\"application\/ld+json\" class=\"yoast-schema-graph\">{\"@context\":\"https:\\\/\\\/schema.org\",\"@graph\":[{\"@type\":\"WebPage\",\"@id\":\"https:\\\/\\\/specialimo.com\\\/termos-e-condicoes\\\/\",\"url\":\"https:\\\/\\\/specialimo.com\\\/termos-e-condicoes\\\/\",\"name\":\"Termos e Condi\u00e7\u00f5es - Aluguer de carros e van com motorista - Specialimo\",\"isPartOf\":{\"@id\":\"https:\\\/\\\/specialimo.com\\\/#website\"},\"datePublished\":\"2023-10-15T12:11:06+00:00\",\"dateModified\":\"2024-03-29T17:11:41+00:00\",\"breadcrumb\":{\"@id\":\"https:\\\/\\\/specialimo.com\\\/termos-e-condicoes\\\/#breadcrumb\"},\"inLanguage\":\"es\",\"potentialAction\":[{\"@type\":\"ReadAction\",\"target\":[\"https:\\\/\\\/specialimo.com\\\/termos-e-condicoes\\\/\"]}]},{\"@type\":\"BreadcrumbList\",\"@id\":\"https:\\\/\\\/specialimo.com\\\/termos-e-condicoes\\\/#breadcrumb\",\"itemListElement\":[{\"@type\":\"ListItem\",\"position\":1,\"name\":\"In\u00edcio\",\"item\":\"https:\\\/\\\/specialimo.com\\\/\"},{\"@type\":\"ListItem\",\"position\":2,\"name\":\"Termos e Condi\u00e7\u00f5es\"}]},{\"@type\":\"WebSite\",\"@id\":\"https:\\\/\\\/specialimo.com\\\/#website\",\"url\":\"https:\\\/\\\/specialimo.com\\\/\",\"name\":\"Aluguer de carros e van com motorista - Specialimo\",\"description\":\" Aluguer de carros, van, minibus e autocarro com motorista\",\"publisher\":{\"@id\":\"https:\\\/\\\/specialimo.com\\\/#organization\"},\"potentialAction\":[{\"@type\":\"SearchAction\",\"target\":{\"@type\":\"EntryPoint\",\"urlTemplate\":\"https:\\\/\\\/specialimo.com\\\/?s={search_term_string}\"},\"query-input\":{\"@type\":\"PropertyValueSpecification\",\"valueRequired\":true,\"valueName\":\"search_term_string\"}}],\"inLanguage\":\"es\"},{\"@type\":\"Organization\",\"@id\":\"https:\\\/\\\/specialimo.com\\\/#organization\",\"name\":\"Aluguer de carros e van com motorista - Specialimo\",\"url\":\"https:\\\/\\\/specialimo.com\\\/\",\"logo\":{\"@type\":\"ImageObject\",\"inLanguage\":\"es\",\"@id\":\"https:\\\/\\\/specialimo.com\\\/#\\\/schema\\\/logo\\\/image\\\/\",\"url\":\"https:\\\/\\\/specialimo.com\\\/wp-content\\\/uploads\\\/2023\\\/10\\\/logo.png\",\"contentUrl\":\"https:\\\/\\\/specialimo.com\\\/wp-content\\\/uploads\\\/2023\\\/10\\\/logo.png\",\"width\":422,\"height\":165,\"caption\":\"Aluguer de carros e van com motorista - Specialimo\"},\"image\":{\"@id\":\"https:\\\/\\\/specialimo.com\\\/#\\\/schema\\\/logo\\\/image\\\/\"}}]}<\/script>\n<!-- \/ Yoast SEO plugin. -->","yoast_head_json":{"title":"Termos e Condi\u00e7\u00f5es - Aluguer de carros e van com motorista - Specialimo","robots":{"index":"index","follow":"follow","max-snippet":"max-snippet:-1","max-image-preview":"max-image-preview:large","max-video-preview":"max-video-preview:-1"},"canonical":"https:\/\/specialimo.com\/es\/termos-e-condicoes\/","og_locale":"es_ES","og_type":"article","og_title":"Termos e Condi\u00e7\u00f5es - Aluguer de carros e van com motorista - Specialimo","og_description":"Termos e Condi\u00e7\u00f5es CONDI\u00c7\u00d5ES GERAIS \u00a0 1 \u2013 A marca Specialimo Travel Group pertencente \u00e0 empresa Specialimo Unipessoal Lda, est\u00e1 registada com os seguintes alvar\u00e1s: RNAAT 60\/2006 RNAVT 2847 Transporte de Pesados de Passageiros TP200746 \u00a0 2 \u2013 Todos as viaturas e passageiros est\u00e3o cobertos pelos seguros obrigat\u00f3rios na legisla\u00e7\u00e3o em vigor: Seguro de Responsabilidade [&hellip;]","og_url":"https:\/\/specialimo.com\/es\/termos-e-condicoes\/","og_site_name":"Aluguer de carros e van com motorista - Specialimo","article_modified_time":"2024-03-29T17:11:41+00:00","twitter_card":"summary_large_image","twitter_misc":{"Tiempo de lectura":"3 minutos"},"schema":{"@context":"https:\/\/schema.org","@graph":[{"@type":"WebPage","@id":"https:\/\/specialimo.com\/termos-e-condicoes\/","url":"https:\/\/specialimo.com\/termos-e-condicoes\/","name":"Termos e Condi\u00e7\u00f5es - Aluguer de carros e van com motorista - Specialimo","isPartOf":{"@id":"https:\/\/specialimo.com\/#website"},"datePublished":"2023-10-15T12:11:06+00:00","dateModified":"2024-03-29T17:11:41+00:00","breadcrumb":{"@id":"https:\/\/specialimo.com\/termos-e-condicoes\/#breadcrumb"},"inLanguage":"es","potentialAction":[{"@type":"ReadAction","target":["https:\/\/specialimo.com\/termos-e-condicoes\/"]}]},{"@type":"BreadcrumbList","@id":"https:\/\/specialimo.com\/termos-e-condicoes\/#breadcrumb","itemListElement":[{"@type":"ListItem","position":1,"name":"In\u00edcio","item":"https:\/\/specialimo.com\/"},{"@type":"ListItem","position":2,"name":"Termos e Condi\u00e7\u00f5es"}]},{"@type":"WebSite","@id":"https:\/\/specialimo.com\/#website","url":"https:\/\/specialimo.com\/","name":"Aluguer de carros e van com motorista - Specialimo","description":"Aluguer de carros, van, minibus e autocarro com motorista","publisher":{"@id":"https:\/\/specialimo.com\/#organization"},"potentialAction":[{"@type":"SearchAction","target":{"@type":"EntryPoint","urlTemplate":"https:\/\/specialimo.com\/?s={search_term_string}"},"query-input":{"@type":"PropertyValueSpecification","valueRequired":true,"valueName":"search_term_string"}}],"inLanguage":"es"},{"@type":"Organization","@id":"https:\/\/specialimo.com\/#organization","name":"Aluguer de carros e van com motorista - Specialimo","url":"https:\/\/specialimo.com\/","logo":{"@type":"ImageObject","inLanguage":"es","@id":"https:\/\/specialimo.com\/#\/schema\/logo\/image\/","url":"https:\/\/specialimo.com\/wp-content\/uploads\/2023\/10\/logo.png","contentUrl":"https:\/\/specialimo.com\/wp-content\/uploads\/2023\/10\/logo.png","width":422,"height":165,"caption":"Aluguer de carros e van com motorista - Specialimo"},"image":{"@id":"https:\/\/specialimo.com\/#\/schema\/logo\/image\/"}}]}},"_links":{"self":[{"href":"https:\/\/specialimo.com\/es\/wp-json\/wp\/v2\/pages\/1688","targetHints":{"allow":["GET"]}}],"collection":[{"href":"https:\/\/specialimo.com\/es\/wp-json\/wp\/v2\/pages"}],"about":[{"href":"https:\/\/specialimo.com\/es\/wp-json\/wp\/v2\/types\/page"}],"author":[{"embeddable":true,"href":"https:\/\/specialimo.com\/es\/wp-json\/wp\/v2\/users\/1"}],"replies":[{"embeddable":true,"href":"https:\/\/specialimo.com\/es\/wp-json\/wp\/v2\/comments?post=1688"}],"version-history":[{"count":4,"href":"https:\/\/specialimo.com\/es\/wp-json\/wp\/v2\/pages\/1688\/revisions"}],"predecessor-version":[{"id":1692,"href":"https:\/\/specialimo.com\/es\/wp-json\/wp\/v2\/pages\/1688\/revisions\/1692"}],"wp:attachment":[{"href":"https:\/\/specialimo.com\/es\/wp-json\/wp\/v2\/media?parent=1688"}],"curies":[{"name":"wp","href":"https:\/\/api.w.org\/{rel}","templated":true}]}}