{"id":3,"date":"2023-10-10T11:45:08","date_gmt":"2023-10-10T11:45:08","guid":{"rendered":"https:\/\/specialimo.codetec.pt\/?page_id=3"},"modified":"2024-03-29T16:46:58","modified_gmt":"2024-03-29T16:46:58","slug":"politica-privacidade","status":"publish","type":"page","link":"https:\/\/specialimo.com\/es\/politica-privacidade\/","title":{"rendered":"POL\u00cdTICA DE PRIVACIDAD"},"content":{"rendered":"<div data-elementor-type=\"wp-page\" data-elementor-id=\"3\" class=\"elementor elementor-3\" data-elementor-post-type=\"page\">\n\t\t\t\t<div data-particle_enable=\"false\" data-particle-mobile-disabled=\"false\" class=\"elementor-element elementor-element-89db674 e-con-full e-flex e-con e-parent\" data-id=\"89db674\" data-element_type=\"container\">\n\t\t\t\t<div class=\"elementor-element elementor-element-885aa43 elementor-widget elementor-widget-heading\" data-id=\"885aa43\" data-element_type=\"widget\" data-widget_type=\"heading.default\">\n\t\t\t\t<div class=\"elementor-widget-container\">\n\t\t\t\t\t<h2 class=\"elementor-heading-title elementor-size-default\">POL\u00cdTICA DE PRIVACIDAD<\/h2>\t\t\t\t<\/div>\n\t\t\t\t<\/div>\n\t\t\t\t<\/div>\n\t\t<div data-particle_enable=\"false\" data-particle-mobile-disabled=\"false\" class=\"elementor-element elementor-element-589ba059 e-flex e-con-boxed e-con e-parent\" data-id=\"589ba059\" data-element_type=\"container\">\n\t\t\t\t\t<div class=\"e-con-inner\">\n\t\t\t\t<div class=\"elementor-element elementor-element-2e26e2df elementor-widget elementor-widget-text-editor\" data-id=\"2e26e2df\" data-element_type=\"widget\" data-widget_type=\"text-editor.default\">\n\t\t\t\t<div class=\"elementor-widget-container\">\n\t\t\t\t\t\t\t\t\t\n<p>La protecci\u00f3n de la privacidad de los usuarios del Sitio constituye un compromiso serio de la\u00a0<strong>SPECIALIMO, UNIPESSOAL LDA,<\/strong>que considera que el uso responsable de la informaci\u00f3n personal, seg\u00fan criterios de adecuaci\u00f3n, necesidad y respeto por la vida privada, reviste una importancia fundamental.<\/p>\n<ol>\n<li><strong>\u00bfEST\u00c1 LA SPECIALIMO ABRANGIDA POR LOS CRITERIOS DEL REGLAMENTO GENERAL DEL PROTECCI\u00d3N DE DATOS?<\/strong><\/li>\n<\/ol>\n<p>La\u00a0<strong>SPECIALIMO, UNIPESSOAL LDA,<\/strong>\u00a0est\u00e1 sujeta a la legislaci\u00f3n sobre Protecci\u00f3n de Datos Personales, adoptando todas las medidas necesarias para garantizar el cumplimiento de todos los requisitos legales aplicables en materia de protecci\u00f3n de datos personales.<\/p>\n<ol start=\"2\">\n<li><strong>\u00bfCU\u00c1NDO RECOGER\u00c1 SPECIALIMO MIS DATOS?<\/strong><\/li>\n<\/ol>\n<p>Los datos recogidos a trav\u00e9s de este contrato, as\u00ed como los que puedan recogerse durante la relaci\u00f3n contractual (en lo sucesivo, \"Datos\"); como tambi\u00e9n en contacto telef\u00f3nico o por correo electr\u00f3nico por nuestro departamento de reservas\/comercial; hace una reserva en el sitio web; env\u00eda un mensaje a trav\u00e9s de una de nuestras redes sociales o se inscribe en nuestra lista de newsletter;<\/p>\n<p>Tambi\u00e9n sobre las redes sociales: Podemos incluir en nuestro sitio web aplicaciones inform\u00e1ticas de terceros que permitan compartir contenido de nuestro sitio con otras personas o dar a conocer a otras personas su consulta o su opini\u00f3n sobre un contenido de nuestro sitio. Este es, en particular, el caso de los botones \u00abCompartir\u00bb, \u00abLike\u00bb las redes sociales como Facebook, Instagram, etc. La red social que proporciona este bot\u00f3n de aplicaci\u00f3n puede identificar a trav\u00e9s de este bot\u00f3n, incluso si no ha utilizado este bot\u00f3n durante su consulta a nuestro sitio web. Efectivamente, este tipo de bot\u00f3n de aplicaci\u00f3n puede permitir a la red social respectiva seguir su navegaci\u00f3n por nuestro sitio, s\u00f3lo con que su cuenta en la red social respectiva est\u00e9 activa en su terminal (sesi\u00f3n abierta) durante la navegaci\u00f3n por nuestro sitio. No tenemos ning\u00fan control sobre el proceso utilizado por las redes sociales para recoger informaci\u00f3n relativa a su navegaci\u00f3n por nuestro sitio web y asociada a los datos personales de que disponen. Le invitamos a consultar las pol\u00edticas de protecci\u00f3n de la vida privada de estas redes sociales para conocer los fines de uso, en particular publicitarios, de la informaci\u00f3n de navegaci\u00f3n que puede recoger gracias a estos botones de aplicaciones. En particular, estas pol\u00edticas de protecci\u00f3n deben permitirle ejercer sus opciones en dichas redes sociales, mediante la parametrizaci\u00f3n de sus cuentas de usuario en cada una de ellas.<\/p>\n<p>Todos los datos ser\u00e1n tratados por\u00a0<strong>SPECIALIMO<\/strong>\u00a0a efectos de gesti\u00f3n, mantenimiento, desarrollo, control y optimizaci\u00f3n de la relaci\u00f3n contractual entre el CLIENTE y la EMPRESA.<\/p>\n<ol start=\"3\">\n<li><strong>\u00bfCU\u00c1L ES EL PROP\u00d3SITO?<\/strong><\/li>\n<\/ol>\n<p>La\u00a0<strong>SPECIALIMO<\/strong>\u00a0podr\u00e1 tratar los datos para el env\u00edo de comunicaciones publicitarias y comerciales de productos y servicios propios por cualquier medio (incluyendo correo, tel\u00e9fono, correo electr\u00f3nico o cualquier otro medio telem\u00e1tico). Incluye tambi\u00e9n la gesti\u00f3n de sus reservas; gesti\u00f3n del programa de fidelizaci\u00f3n; mejora y personalizaci\u00f3n de nuestros servicios; gesti\u00f3n y seguimiento de la relaci\u00f3n con el cliente; gesti\u00f3n de la suscripci\u00f3n del bolet\u00edn; gesti\u00f3n de las operaciones relacionadas con la prospecci\u00f3n; elaboraci\u00f3n de estad\u00edsticas comerciales; gesti\u00f3n de sus solicitudes de derecho de acceso, rectificaci\u00f3n y oposici\u00f3n; gesti\u00f3n de las deudas y del contencioso.<\/p>\n<p>El CLIENTE puede oponerse en cualquier momento a la recepci\u00f3n de estas comunicaciones y ello no afectar\u00e1 a la gesti\u00f3n, mantenimiento, desarrollo, control y optimizaci\u00f3n de la relaci\u00f3n contractual.<\/p>\n<p>Os Dados ser\u00e3o conservados pela\u00a0<strong>SPECIALIMO<\/strong>\u00a0Una vez concluida la relaci\u00f3n contractual, la EMPRESA conservar\u00e1 los Datos en inter\u00e9s de una futura relaci\u00f3n comercial o para tratar las responsabilidades potenciales que puedan surgir del tratamiento de dichos Datos. A efectos de marketing, los datos se conservar\u00e1n durante 5 (cinco) a\u00f1os a partir de la \u00faltima interacci\u00f3n entre SPECIALIMO y el interesado.<\/p>\n<p>La\u00a0<strong>SPECIALIMO<\/strong>\u00a0garantiza la protecci\u00f3n de la seguridad de los datos personales que procesa. Con este fin, ha adoptado varias medidas de seguridad, de car\u00e1cter t\u00e9cnico y organizativo, para proteger los datos personales contra su difusi\u00f3n, p\u00e9rdida, uso indebido, alteraci\u00f3n, tratamiento o acceso no autorizado, as\u00ed como contra cualquier otra forma de tratamiento il\u00edcito.<\/p>\n<ol start=\"4\">\n<li><strong>COMO POSSO PEDIR \u00c0 EMPRESA PARA APAGAR OS MEUS DADOS RGPD?<\/strong><\/li>\n<\/ol>\n<p>Los titulares de derechos personales podr\u00e1n ejercer sus derechos de acceso, rectificaci\u00f3n, cancelaci\u00f3n, oposici\u00f3n, portabilidad y limitaci\u00f3n de tratamiento enviando un correo electr\u00f3nico al responsable de la Protecci\u00f3n de Datos de la\u00a0<strong>SPECIALIMO, UNIPESSOAL LDA,<\/strong>:\u00a0<strong>ines@specialimo.com,<\/strong>\u00a0adjuntando su n\u00famero de identificaci\u00f3n nacional o un documento equivalente que acredite su identidad.  Adem\u00e1s, los interesados tienen derecho a presentar una reclamaci\u00f3n ante la Comisi\u00f3n Nacional de Protecci\u00f3n de Datos (CNPD).<\/p>\n<p>\u00a0<\/p>\n<p><strong>COOKIES<\/strong><\/p>\n<p><strong>\u00bfQu\u00e9 son las Cookies?<\/strong><\/p>\n<p>\u201cCookies\u201d son peque\u00f1as etiquetas de software que se almacenan en su ordenador a trav\u00e9s del navegador (browser), reteniendo s\u00f3lo informaci\u00f3n relacionada con sus preferencias, no incluyendo, como tal, sus datos personales.<\/p>\n<p><strong>\u00a0\u00bfPara qu\u00e9 son las Cookies?<\/strong><\/p>\n<p>Las cookies sirven para ayudar a determinar la utilidad, inter\u00e9s y el n\u00famero de usos de sus sitios web, permitiendo una navegaci\u00f3n m\u00e1s r\u00e1pida y eficiente, eliminando la necesidad de introducir repetidamente la misma informaci\u00f3n.<\/p>\n<p><strong>\u00bfQu\u00e9 tipo de cookies utilizamos?<\/strong><\/p>\n<p>Cookies anal\u00edticas de terceros - Se utilizan an\u00f3nimamente para crear y analizar estad\u00edsticas con el fin de mejorar el funcionamiento del sitio web.<\/p>\n<p><strong>\u00bfC\u00f3mo puede gestionar las cookies?<\/strong><\/p>\n<p>Todos los navegadores permiten al usuario aceptar, rechazar o borrar cookies, entre otras cosas seleccionando los ajustes apropiados en su navegador. Puede configurar las cookies en el men\u00fa \u201copciones\u201d o \u201cpreferencias\u201d de su navegador. Tenga en cuenta, sin embargo, que, al desactivar cookies, puede impedir que algunos servicios web funcionen correctamente, afectando, parcial o totalmente, a la navegaci\u00f3n en el sitio web.<\/p>\n\t\t\t\t\t\t\t\t<\/div>\n\t\t\t\t<\/div>\n\t\t\t\t\t<\/div>\n\t\t\t\t<\/div>\n\t\t\t\t<\/div>","protected":false},"excerpt":{"rendered":"<p>Pol\u00edtica de privacidade A salvaguarda da privacidade dos utilizadores do Site constitui um compromisso s\u00e9rio da\u00a0SPECIALIMO, UNIPESSOAL LDA, que acredita que o uso respons\u00e1vel da informa\u00e7\u00e3o pessoal, segundo crit\u00e9rios de adequa\u00e7\u00e3o, necessidade e respeito pela vida privada, assume uma import\u00e2ncia fundamental. A SPECIALIMO EST\u00c1 ABRANGIDA PELOS CRIT\u00c9RIOS DO RGPD? A\u00a0SPECIALIMO, UNIPESSOAL LDA\u00a0encontra-se sujeita \u00e0 legisla\u00e7\u00e3o [&hellip;]<\/p>","protected":false},"author":1,"featured_media":0,"parent":0,"menu_order":0,"comment_status":"closed","ping_status":"open","template":"elementor_header_footer","meta":{"_eb_attr":"","ocean_post_layout":"","ocean_both_sidebars_style":"","ocean_both_sidebars_content_width":0,"ocean_both_sidebars_sidebars_width":0,"ocean_sidebar":"","ocean_second_sidebar":"","ocean_disable_margins":"enable","ocean_add_body_class":"","ocean_shortcode_before_top_bar":"","ocean_shortcode_after_top_bar":"","ocean_shortcode_before_header":"","ocean_shortcode_after_header":"","ocean_has_shortcode":"","ocean_shortcode_after_title":"","ocean_shortcode_before_footer_widgets":"","ocean_shortcode_after_footer_widgets":"","ocean_shortcode_before_footer_bottom":"","ocean_shortcode_after_footer_bottom":"","ocean_display_top_bar":"default","ocean_display_header":"default","ocean_header_style":"","ocean_center_header_left_menu":"","ocean_custom_header_template":"","ocean_custom_logo":0,"ocean_custom_retina_logo":0,"ocean_custom_logo_max_width":0,"ocean_custom_logo_tablet_max_width":0,"ocean_custom_logo_mobile_max_width":0,"ocean_custom_logo_max_height":0,"ocean_custom_logo_tablet_max_height":0,"ocean_custom_logo_mobile_max_height":0,"ocean_header_custom_menu":"","ocean_menu_typo_font_family":"","ocean_menu_typo_font_subset":"","ocean_menu_typo_font_size":0,"ocean_menu_typo_font_size_tablet":0,"ocean_menu_typo_font_size_mobile":0,"ocean_menu_typo_font_size_unit":"px","ocean_menu_typo_font_weight":"","ocean_menu_typo_font_weight_tablet":"","ocean_menu_typo_font_weight_mobile":"","ocean_menu_typo_transform":"","ocean_menu_typo_transform_tablet":"","ocean_menu_typo_transform_mobile":"","ocean_menu_typo_line_height":0,"ocean_menu_typo_line_height_tablet":0,"ocean_menu_typo_line_height_mobile":0,"ocean_menu_typo_line_height_unit":"","ocean_menu_typo_spacing":0,"ocean_menu_typo_spacing_tablet":0,"ocean_menu_typo_spacing_mobile":0,"ocean_menu_typo_spacing_unit":"","ocean_menu_link_color":"","ocean_menu_link_color_hover":"","ocean_menu_link_color_active":"","ocean_menu_link_background":"","ocean_menu_link_hover_background":"","ocean_menu_link_active_background":"","ocean_menu_social_links_bg":"","ocean_menu_social_hover_links_bg":"","ocean_menu_social_links_color":"","ocean_menu_social_hover_links_color":"","ocean_disable_title":"default","ocean_disable_heading":"default","ocean_post_title":"","ocean_post_subheading":"","ocean_post_title_style":"","ocean_post_title_background_color":"","ocean_post_title_background":0,"ocean_post_title_bg_image_position":"","ocean_post_title_bg_image_attachment":"","ocean_post_title_bg_image_repeat":"","ocean_post_title_bg_image_size":"","ocean_post_title_height":0,"ocean_post_title_bg_overlay":0.5,"ocean_post_title_bg_overlay_color":"","ocean_disable_breadcrumbs":"default","ocean_breadcrumbs_color":"","ocean_breadcrumbs_separator_color":"","ocean_breadcrumbs_links_color":"","ocean_breadcrumbs_links_hover_color":"","ocean_display_footer_widgets":"default","ocean_display_footer_bottom":"default","ocean_custom_footer_template":"","_joinchat":[],"footnotes":""},"class_list":["post-3","page","type-page","status-publish","hentry","entry"],"yoast_head":"<!-- This site is optimized with the Yoast SEO plugin v27.4 - https:\/\/yoast.com\/product\/yoast-seo-wordpress\/ -->\n<title>Pol\u00edtica de privacidade - Aluguer de carros e van com motorista - Specialimo<\/title>\n<meta name=\"robots\" content=\"index, follow, max-snippet:-1, max-image-preview:large, max-video-preview:-1\" \/>\n<link rel=\"canonical\" href=\"https:\/\/specialimo.com\/es\/politica-privacidade\/\" \/>\n<meta property=\"og:locale\" content=\"es_ES\" \/>\n<meta property=\"og:type\" content=\"article\" \/>\n<meta property=\"og:title\" content=\"Pol\u00edtica de privacidade - Aluguer de carros e van com motorista - Specialimo\" \/>\n<meta property=\"og:description\" content=\"Pol\u00edtica de privacidade A salvaguarda da privacidade dos utilizadores do Site constitui um compromisso s\u00e9rio da\u00a0SPECIALIMO, UNIPESSOAL LDA, que acredita que o uso respons\u00e1vel da informa\u00e7\u00e3o pessoal, segundo crit\u00e9rios de adequa\u00e7\u00e3o, necessidade e respeito pela vida privada, assume uma import\u00e2ncia fundamental. A SPECIALIMO EST\u00c1 ABRANGIDA PELOS CRIT\u00c9RIOS DO RGPD? A\u00a0SPECIALIMO, UNIPESSOAL LDA\u00a0encontra-se sujeita \u00e0 legisla\u00e7\u00e3o [&hellip;]\" \/>\n<meta property=\"og:url\" content=\"https:\/\/specialimo.com\/es\/politica-privacidade\/\" \/>\n<meta property=\"og:site_name\" content=\"Aluguer de carros e van com motorista - Specialimo\" \/>\n<meta property=\"article:modified_time\" content=\"2024-03-29T16:46:58+00:00\" \/>\n<meta name=\"twitter:card\" content=\"summary_large_image\" \/>\n<meta name=\"twitter:label1\" content=\"Tiempo de lectura\" \/>\n\t<meta name=\"twitter:data1\" content=\"5 minutos\" \/>\n<script type=\"application\/ld+json\" class=\"yoast-schema-graph\">{\"@context\":\"https:\\\/\\\/schema.org\",\"@graph\":[{\"@type\":\"WebPage\",\"@id\":\"https:\\\/\\\/specialimo.com\\\/politica-privacidade\\\/\",\"url\":\"https:\\\/\\\/specialimo.com\\\/politica-privacidade\\\/\",\"name\":\"Pol\u00edtica de privacidade - Aluguer de carros e van com motorista - Specialimo\",\"isPartOf\":{\"@id\":\"https:\\\/\\\/specialimo.com\\\/#website\"},\"datePublished\":\"2023-10-10T11:45:08+00:00\",\"dateModified\":\"2024-03-29T16:46:58+00:00\",\"breadcrumb\":{\"@id\":\"https:\\\/\\\/specialimo.com\\\/politica-privacidade\\\/#breadcrumb\"},\"inLanguage\":\"es\",\"potentialAction\":[{\"@type\":\"ReadAction\",\"target\":[\"https:\\\/\\\/specialimo.com\\\/politica-privacidade\\\/\"]}]},{\"@type\":\"BreadcrumbList\",\"@id\":\"https:\\\/\\\/specialimo.com\\\/politica-privacidade\\\/#breadcrumb\",\"itemListElement\":[{\"@type\":\"ListItem\",\"position\":1,\"name\":\"In\u00edcio\",\"item\":\"https:\\\/\\\/specialimo.com\\\/\"},{\"@type\":\"ListItem\",\"position\":2,\"name\":\"Pol\u00edtica de privacidade\"}]},{\"@type\":\"WebSite\",\"@id\":\"https:\\\/\\\/specialimo.com\\\/#website\",\"url\":\"https:\\\/\\\/specialimo.com\\\/\",\"name\":\"Aluguer de carros e van com motorista - Specialimo\",\"description\":\" Aluguer de carros, van, minibus e autocarro com motorista\",\"publisher\":{\"@id\":\"https:\\\/\\\/specialimo.com\\\/#organization\"},\"potentialAction\":[{\"@type\":\"SearchAction\",\"target\":{\"@type\":\"EntryPoint\",\"urlTemplate\":\"https:\\\/\\\/specialimo.com\\\/?s={search_term_string}\"},\"query-input\":{\"@type\":\"PropertyValueSpecification\",\"valueRequired\":true,\"valueName\":\"search_term_string\"}}],\"inLanguage\":\"es\"},{\"@type\":\"Organization\",\"@id\":\"https:\\\/\\\/specialimo.com\\\/#organization\",\"name\":\"Aluguer de carros e van com motorista - Specialimo\",\"url\":\"https:\\\/\\\/specialimo.com\\\/\",\"logo\":{\"@type\":\"ImageObject\",\"inLanguage\":\"es\",\"@id\":\"https:\\\/\\\/specialimo.com\\\/#\\\/schema\\\/logo\\\/image\\\/\",\"url\":\"https:\\\/\\\/specialimo.com\\\/wp-content\\\/uploads\\\/2023\\\/10\\\/logo.png\",\"contentUrl\":\"https:\\\/\\\/specialimo.com\\\/wp-content\\\/uploads\\\/2023\\\/10\\\/logo.png\",\"width\":422,\"height\":165,\"caption\":\"Aluguer de carros e van com motorista - Specialimo\"},\"image\":{\"@id\":\"https:\\\/\\\/specialimo.com\\\/#\\\/schema\\\/logo\\\/image\\\/\"}}]}<\/script>\n<!-- \/ Yoast SEO plugin. -->","yoast_head_json":{"title":"Pol\u00edtica de privacidade - Aluguer de carros e van com motorista - Specialimo","robots":{"index":"index","follow":"follow","max-snippet":"max-snippet:-1","max-image-preview":"max-image-preview:large","max-video-preview":"max-video-preview:-1"},"canonical":"https:\/\/specialimo.com\/es\/politica-privacidade\/","og_locale":"es_ES","og_type":"article","og_title":"Pol\u00edtica de privacidade - Aluguer de carros e van com motorista - Specialimo","og_description":"Pol\u00edtica de privacidade A salvaguarda da privacidade dos utilizadores do Site constitui um compromisso s\u00e9rio da\u00a0SPECIALIMO, UNIPESSOAL LDA, que acredita que o uso respons\u00e1vel da informa\u00e7\u00e3o pessoal, segundo crit\u00e9rios de adequa\u00e7\u00e3o, necessidade e respeito pela vida privada, assume uma import\u00e2ncia fundamental. A SPECIALIMO EST\u00c1 ABRANGIDA PELOS CRIT\u00c9RIOS DO RGPD? A\u00a0SPECIALIMO, UNIPESSOAL LDA\u00a0encontra-se sujeita \u00e0 legisla\u00e7\u00e3o [&hellip;]","og_url":"https:\/\/specialimo.com\/es\/politica-privacidade\/","og_site_name":"Aluguer de carros e van com motorista - Specialimo","article_modified_time":"2024-03-29T16:46:58+00:00","twitter_card":"summary_large_image","twitter_misc":{"Tiempo de lectura":"5 minutos"},"schema":{"@context":"https:\/\/schema.org","@graph":[{"@type":"WebPage","@id":"https:\/\/specialimo.com\/politica-privacidade\/","url":"https:\/\/specialimo.com\/politica-privacidade\/","name":"Pol\u00edtica de privacidade - Aluguer de carros e van com motorista - Specialimo","isPartOf":{"@id":"https:\/\/specialimo.com\/#website"},"datePublished":"2023-10-10T11:45:08+00:00","dateModified":"2024-03-29T16:46:58+00:00","breadcrumb":{"@id":"https:\/\/specialimo.com\/politica-privacidade\/#breadcrumb"},"inLanguage":"es","potentialAction":[{"@type":"ReadAction","target":["https:\/\/specialimo.com\/politica-privacidade\/"]}]},{"@type":"BreadcrumbList","@id":"https:\/\/specialimo.com\/politica-privacidade\/#breadcrumb","itemListElement":[{"@type":"ListItem","position":1,"name":"In\u00edcio","item":"https:\/\/specialimo.com\/"},{"@type":"ListItem","position":2,"name":"Pol\u00edtica de privacidade"}]},{"@type":"WebSite","@id":"https:\/\/specialimo.com\/#website","url":"https:\/\/specialimo.com\/","name":"Aluguer de carros e van com motorista - Specialimo","description":"Aluguer de carros, van, minibus e autocarro com motorista","publisher":{"@id":"https:\/\/specialimo.com\/#organization"},"potentialAction":[{"@type":"SearchAction","target":{"@type":"EntryPoint","urlTemplate":"https:\/\/specialimo.com\/?s={search_term_string}"},"query-input":{"@type":"PropertyValueSpecification","valueRequired":true,"valueName":"search_term_string"}}],"inLanguage":"es"},{"@type":"Organization","@id":"https:\/\/specialimo.com\/#organization","name":"Aluguer de carros e van com motorista - Specialimo","url":"https:\/\/specialimo.com\/","logo":{"@type":"ImageObject","inLanguage":"es","@id":"https:\/\/specialimo.com\/#\/schema\/logo\/image\/","url":"https:\/\/specialimo.com\/wp-content\/uploads\/2023\/10\/logo.png","contentUrl":"https:\/\/specialimo.com\/wp-content\/uploads\/2023\/10\/logo.png","width":422,"height":165,"caption":"Aluguer de carros e van com motorista - Specialimo"},"image":{"@id":"https:\/\/specialimo.com\/#\/schema\/logo\/image\/"}}]}},"_links":{"self":[{"href":"https:\/\/specialimo.com\/es\/wp-json\/wp\/v2\/pages\/3","targetHints":{"allow":["GET"]}}],"collection":[{"href":"https:\/\/specialimo.com\/es\/wp-json\/wp\/v2\/pages"}],"about":[{"href":"https:\/\/specialimo.com\/es\/wp-json\/wp\/v2\/types\/page"}],"author":[{"embeddable":true,"href":"https:\/\/specialimo.com\/es\/wp-json\/wp\/v2\/users\/1"}],"replies":[{"embeddable":true,"href":"https:\/\/specialimo.com\/es\/wp-json\/wp\/v2\/comments?post=3"}],"version-history":[{"count":9,"href":"https:\/\/specialimo.com\/es\/wp-json\/wp\/v2\/pages\/3\/revisions"}],"predecessor-version":[{"id":18,"href":"https:\/\/specialimo.com\/es\/wp-json\/wp\/v2\/pages\/3\/revisions\/18"}],"wp:attachment":[{"href":"https:\/\/specialimo.com\/es\/wp-json\/wp\/v2\/media?parent=3"}],"curies":[{"name":"wp","href":"https:\/\/api.w.org\/{rel}","templated":true}]}}