{"id":219,"date":"2023-10-11T08:38:22","date_gmt":"2023-10-11T08:38:22","guid":{"rendered":"https:\/\/specialimo.codetec.pt\/?page_id=219"},"modified":"2024-10-04T22:48:39","modified_gmt":"2024-10-04T22:48:39","slug":"quem-somos","status":"publish","type":"page","link":"https:\/\/specialimo.com\/fr\/quem-somos\/","title":{"rendered":"Quem Somos"},"content":{"rendered":"<div data-elementor-type=\"wp-page\" data-elementor-id=\"219\" class=\"elementor elementor-219\" data-elementor-post-type=\"page\">\n\t\t\t\t<div data-particle_enable=\"false\" data-particle-mobile-disabled=\"false\" class=\"elementor-element elementor-element-3eb101a e-con-full e-flex e-con e-parent\" data-id=\"3eb101a\" data-element_type=\"container\">\n\t\t\t\t<div class=\"elementor-element elementor-element-28a607d elementor--h-position-center elementor--v-position-middle elementor-arrows-position-inside elementor-pagination-position-inside elementor-widget elementor-widget-slides\" data-id=\"28a607d\" data-element_type=\"widget\" data-settings=\"{&quot;navigation&quot;:&quot;both&quot;,&quot;autoplay&quot;:&quot;yes&quot;,&quot;pause_on_hover&quot;:&quot;yes&quot;,&quot;pause_on_interaction&quot;:&quot;yes&quot;,&quot;autoplay_speed&quot;:5000,&quot;infinite&quot;:&quot;yes&quot;,&quot;transition&quot;:&quot;slide&quot;,&quot;transition_speed&quot;:500}\" data-widget_type=\"slides.default\">\n\t\t\t\t<div class=\"elementor-widget-container\">\n\t\t\t\t\t\t\t\t\t<div class=\"elementor-swiper\">\n\t\t\t\t\t<div class=\"elementor-slides-wrapper elementor-main-swiper swiper\" role=\"region\" aria-roledescription=\"carousel\" aria-label=\"Diapositives\" dir=\"ltr\" data-animation=\"fadeInUp\">\n\t\t\t\t<div class=\"swiper-wrapper elementor-slides\">\n\t\t\t\t\t\t\t\t\t\t<div class=\"elementor-repeater-item-3919467 swiper-slide\" role=\"group\" aria-roledescription=\"slide\"><div class=\"swiper-slide-bg\" role=\"img\" aria-label=\"A-Specialimo\"><\/div><div class=\"elementor-background-overlay\"><\/div><div class=\"swiper-slide-inner\" ><div class=\"swiper-slide-contents\"><div class=\"elementor-slide-heading\">Aluguer de carros e vans<br>com motorista<\/div><\/div><\/div><\/div>\t\t\t\t<\/div>\n\t\t\t\t\t\t\t<\/div>\n\t\t\t\t<\/div>\n\t\t\t\t\t\t\t\t<\/div>\n\t\t\t\t<\/div>\n\t\t\t\t<\/div>\n\t\t<div data-particle_enable=\"false\" data-particle-mobile-disabled=\"false\" class=\"elementor-element elementor-element-92541d8 e-flex e-con-boxed e-con e-parent\" data-id=\"92541d8\" data-element_type=\"container\">\n\t\t\t\t\t<div class=\"e-con-inner\">\n\t\t<div data-particle_enable=\"false\" data-particle-mobile-disabled=\"false\" class=\"elementor-element elementor-element-cfd1122 e-con-full e-flex e-con e-child\" data-id=\"cfd1122\" data-element_type=\"container\">\n\t\t\t\t<div class=\"elementor-element elementor-element-2e8788b elementor-widget elementor-widget-heading\" data-id=\"2e8788b\" data-element_type=\"widget\" data-widget_type=\"heading.default\">\n\t\t\t\t<div class=\"elementor-widget-container\">\n\t\t\t\t\t<h2 class=\"elementor-heading-title elementor-size-default\">NOTRE COMPAGNIE<\/h2>\t\t\t\t<\/div>\n\t\t\t\t<\/div>\n\t\t\t\t<div class=\"elementor-element elementor-element-a9af726 elementor-widget elementor-widget-text-editor\" data-id=\"a9af726\" data-element_type=\"widget\" data-widget_type=\"text-editor.default\">\n\t\t\t\t<div class=\"elementor-widget-container\">\n\t\t\t\t\t\t\t\t\t<p>Specialimo est une soci\u00e9t\u00e9 de location de voitures de luxe, de minibus et d'autobus avec chauffeur. Elle est bas\u00e9e au Portugal mais op\u00e8re dans toute la p\u00e9ninsule ib\u00e9rique. Nous avons une grande exp\u00e9rience dans ce domaine, fruit d'un travail quotidien avec nos clients et de plusieurs ann\u00e9es d'existence sur le march\u00e9.<\/p><p>Nous nous concentrons sur le tourisme de loisirs et d'affaires. Nos services comprennent les tours, les transferts, le service ex\u00e9cutif, le service pour les mariages, les ambassades, les \u00e9quipes de football, les visites d'inspection, les congr\u00e8s et le service de conciergerie.<\/p><p>Nous disposons d'une \u00e9quipe sp\u00e9cialis\u00e9e, au bureau et aux chauffeurs. Notre service est disponible 24 heures sur 24.<\/p><p>Avec un service d\u2019excellence, nous pr\u00e9sentons un ensemble de solutions qui r\u00e9pondent aux besoins de nos clients. Nous disposons de notre propre flotte, toujours avec les mod\u00e8les les plus r\u00e9cents et de diff\u00e9rentes capacit\u00e9s.  Les v\u00e9hicules offrent tout le confort et la s\u00e9curit\u00e9, conduits par des chauffeurs professionnels d\u00fbment qualifi\u00e9s et exp\u00e9riment\u00e9s, ayant une connaissance approfondie de plusieurs langues, un bon niveau culturel et des connaissances historiques.<\/p>\t\t\t\t\t\t\t\t<\/div>\n\t\t\t\t<\/div>\n\t\t\t\t<\/div>\n\t\t\t\t\t<\/div>\n\t\t\t\t<\/div>\n\t\t<div data-particle_enable=\"false\" data-particle-mobile-disabled=\"false\" class=\"elementor-element elementor-element-0b4f744 e-flex e-con-boxed e-con e-parent\" data-id=\"0b4f744\" data-element_type=\"container\" data-settings=\"{&quot;background_background&quot;:&quot;classic&quot;}\">\n\t\t\t\t\t<div class=\"e-con-inner\">\n\t\t<div data-particle_enable=\"false\" data-particle-mobile-disabled=\"false\" class=\"elementor-element elementor-element-f922b3a e-con-full e-flex e-con e-child\" data-id=\"f922b3a\" data-element_type=\"container\">\n\t\t\t\t<div class=\"elementor-element elementor-element-1a24bbd elementor-widget elementor-widget-heading\" data-id=\"1a24bbd\" data-element_type=\"widget\" data-widget_type=\"heading.default\">\n\t\t\t\t<div class=\"elementor-widget-container\">\n\t\t\t\t\t<h2 class=\"elementor-heading-title elementor-size-default\">MISSION<\/h2>\t\t\t\t<\/div>\n\t\t\t\t<\/div>\n\t\t\t\t<div class=\"elementor-element elementor-element-7bae433 elementor-widget elementor-widget-text-editor\" data-id=\"7bae433\" data-element_type=\"widget\" data-widget_type=\"text-editor.default\">\n\t\t\t\t<div class=\"elementor-widget-container\">\n\t\t\t\t\t\t\t\t\t<p>Specialimo a \u00e9t\u00e9 cr\u00e9\u00e9 pour r\u00e9pondre \u00e0 un besoin sur le march\u00e9 de la location de v\u00e9hicules de luxe avec chauffeur.<\/p><p>Avec des services complets pour les entreprises et les particuliers, nous pr\u00e9sentons un concept de transport totalement orient\u00e9 vers la satisfaction totale de nos clients, dans lequel, notre objectif est de pr\u00e9senter un service de qualit\u00e9, fiable, s\u00fbr, ponctuel et courtois.<\/p><p>Notre mission est de fournir un service d'excellence et de donner la meilleure r\u00e9ponse aux besoins de nos clients. Solidement \u00e9tablis sur le march\u00e9, nous comprenons et reconnaissons que chacun a des besoins diff\u00e9rents, les satisfaire est notre m\u00e9tier. Nous travaillons quotidiennement pour avoir une qualit\u00e9 de service \u00e9lev\u00e9e:<\/p><ul><li>Service au bureau<\/li><li>Conducteurs exp\u00e9riment\u00e9s et orient\u00e9s vers le client<\/li><li>Une flotte nouvellement construite qui suit l'\u00e9volution du march\u00e9<\/li><li>Des proc\u00e9dures de r\u00e9servation s\u00fbres et rapides<\/li><\/ul>\t\t\t\t\t\t\t\t<\/div>\n\t\t\t\t<\/div>\n\t\t\t\t<\/div>\n\t\t\t\t\t<\/div>\n\t\t\t\t<\/div>\n\t\t<div data-particle_enable=\"false\" data-particle-mobile-disabled=\"false\" class=\"elementor-element elementor-element-acaa505 e-flex e-con-boxed e-con e-parent\" data-id=\"acaa505\" data-element_type=\"container\">\n\t\t\t\t\t<div class=\"e-con-inner\">\n\t\t<div data-particle_enable=\"false\" data-particle-mobile-disabled=\"false\" class=\"elementor-element elementor-element-98b97b9 e-con-full e-flex e-con e-child\" data-id=\"98b97b9\" data-element_type=\"container\">\n\t\t\t\t<div class=\"elementor-element elementor-element-d24b77c elementor-widget elementor-widget-heading\" data-id=\"d24b77c\" data-element_type=\"widget\" data-widget_type=\"heading.default\">\n\t\t\t\t<div class=\"elementor-widget-container\">\n\t\t\t\t\t<h2 class=\"elementor-heading-title elementor-size-default\">VISION<\/h2>\t\t\t\t<\/div>\n\t\t\t\t<\/div>\n\t\t\t\t<div class=\"elementor-element elementor-element-cfa8770 elementor-widget elementor-widget-text-editor\" data-id=\"cfa8770\" data-element_type=\"widget\" data-widget_type=\"text-editor.default\">\n\t\t\t\t<div class=\"elementor-widget-container\">\n\t\t\t\t\t\t\t\t\t<p>Nous voulons continuer \u00e0 \u00eatre une entreprise de r\u00e9f\u00e9rence sur le march\u00e9 et \u00eatre reconnus comme la meilleure entreprise de transport de luxe avec chauffeur au Portugal.<\/p>\t\t\t\t\t\t\t\t<\/div>\n\t\t\t\t<\/div>\n\t\t\t\t<\/div>\n\t\t\t\t\t<\/div>\n\t\t\t\t<\/div>\n\t\t\t\t<\/div>","protected":false},"excerpt":{"rendered":"<p>Aluguer de carros e vanscom motorista A NOSSA EMPRESA A Specialimo \u00e9 uma empresa de aluguer de viaturas de luxo, minibus e autocarros com motorista. Tem sede em Portugal mas opera em toda a Pen\u00ednsula Ib\u00e9rica. Contamos com uma grande experi\u00eancia nesta \u00e1rea, fruto do trabalho di\u00e1rio com os nossos clientes e dos v\u00e1rios anos [&hellip;]<\/p>","protected":false},"author":1,"featured_media":0,"parent":0,"menu_order":0,"comment_status":"closed","ping_status":"closed","template":"elementor_header_footer","meta":{"_eb_attr":"","ocean_post_layout":"","ocean_both_sidebars_style":"","ocean_both_sidebars_content_width":0,"ocean_both_sidebars_sidebars_width":0,"ocean_sidebar":"","ocean_second_sidebar":"","ocean_disable_margins":"enable","ocean_add_body_class":"","ocean_shortcode_before_top_bar":"","ocean_shortcode_after_top_bar":"","ocean_shortcode_before_header":"","ocean_shortcode_after_header":"","ocean_has_shortcode":"","ocean_shortcode_after_title":"","ocean_shortcode_before_footer_widgets":"","ocean_shortcode_after_footer_widgets":"","ocean_shortcode_before_footer_bottom":"","ocean_shortcode_after_footer_bottom":"","ocean_display_top_bar":"default","ocean_display_header":"default","ocean_header_style":"","ocean_center_header_left_menu":"","ocean_custom_header_template":"","ocean_custom_logo":0,"ocean_custom_retina_logo":0,"ocean_custom_logo_max_width":0,"ocean_custom_logo_tablet_max_width":0,"ocean_custom_logo_mobile_max_width":0,"ocean_custom_logo_max_height":0,"ocean_custom_logo_tablet_max_height":0,"ocean_custom_logo_mobile_max_height":0,"ocean_header_custom_menu":"","ocean_menu_typo_font_family":"","ocean_menu_typo_font_subset":"","ocean_menu_typo_font_size":0,"ocean_menu_typo_font_size_tablet":0,"ocean_menu_typo_font_size_mobile":0,"ocean_menu_typo_font_size_unit":"px","ocean_menu_typo_font_weight":"","ocean_menu_typo_font_weight_tablet":"","ocean_menu_typo_font_weight_mobile":"","ocean_menu_typo_transform":"","ocean_menu_typo_transform_tablet":"","ocean_menu_typo_transform_mobile":"","ocean_menu_typo_line_height":0,"ocean_menu_typo_line_height_tablet":0,"ocean_menu_typo_line_height_mobile":0,"ocean_menu_typo_line_height_unit":"","ocean_menu_typo_spacing":0,"ocean_menu_typo_spacing_tablet":0,"ocean_menu_typo_spacing_mobile":0,"ocean_menu_typo_spacing_unit":"","ocean_menu_link_color":"","ocean_menu_link_color_hover":"","ocean_menu_link_color_active":"","ocean_menu_link_background":"","ocean_menu_link_hover_background":"","ocean_menu_link_active_background":"","ocean_menu_social_links_bg":"","ocean_menu_social_hover_links_bg":"","ocean_menu_social_links_color":"","ocean_menu_social_hover_links_color":"","ocean_disable_title":"default","ocean_disable_heading":"default","ocean_post_title":"","ocean_post_subheading":"","ocean_post_title_style":"","ocean_post_title_background_color":"","ocean_post_title_background":0,"ocean_post_title_bg_image_position":"","ocean_post_title_bg_image_attachment":"","ocean_post_title_bg_image_repeat":"","ocean_post_title_bg_image_size":"","ocean_post_title_height":0,"ocean_post_title_bg_overlay":0.5,"ocean_post_title_bg_overlay_color":"","ocean_disable_breadcrumbs":"default","ocean_breadcrumbs_color":"","ocean_breadcrumbs_separator_color":"","ocean_breadcrumbs_links_color":"","ocean_breadcrumbs_links_hover_color":"","ocean_display_footer_widgets":"default","ocean_display_footer_bottom":"default","ocean_custom_footer_template":"","_joinchat":[],"footnotes":""},"class_list":["post-219","page","type-page","status-publish","hentry","entry"],"yoast_head":"<!-- This site is optimized with the Yoast SEO plugin v27.3 - https:\/\/yoast.com\/product\/yoast-seo-wordpress\/ -->\n<title>Quem Somos - Aluguer de carros e van com motorista - Specialimo<\/title>\n<meta name=\"robots\" content=\"index, follow, max-snippet:-1, max-image-preview:large, max-video-preview:-1\" \/>\n<link rel=\"canonical\" href=\"https:\/\/specialimo.com\/fr\/quem-somos\/\" \/>\n<meta property=\"og:locale\" content=\"fr_FR\" \/>\n<meta property=\"og:type\" content=\"article\" \/>\n<meta property=\"og:title\" content=\"Quem Somos - Aluguer de carros e van com motorista - Specialimo\" \/>\n<meta property=\"og:description\" content=\"Aluguer de carros e vanscom motorista A NOSSA EMPRESA A Specialimo \u00e9 uma empresa de aluguer de viaturas de luxo, minibus e autocarros com motorista. Tem sede em Portugal mas opera em toda a Pen\u00ednsula Ib\u00e9rica. Contamos com uma grande experi\u00eancia nesta \u00e1rea, fruto do trabalho di\u00e1rio com os nossos clientes e dos v\u00e1rios anos [&hellip;]\" \/>\n<meta property=\"og:url\" content=\"https:\/\/specialimo.com\/fr\/quem-somos\/\" \/>\n<meta property=\"og:site_name\" content=\"Aluguer de carros e van com motorista - Specialimo\" \/>\n<meta property=\"article:modified_time\" content=\"2024-10-04T22:48:39+00:00\" \/>\n<meta name=\"twitter:card\" content=\"summary_large_image\" \/>\n<meta name=\"twitter:label1\" content=\"Dur\u00e9e de lecture estim\u00e9e\" \/>\n\t<meta name=\"twitter:data1\" content=\"2 minutes\" \/>\n<script type=\"application\/ld+json\" class=\"yoast-schema-graph\">{\"@context\":\"https:\\\/\\\/schema.org\",\"@graph\":[{\"@type\":\"WebPage\",\"@id\":\"https:\\\/\\\/specialimo.com\\\/quem-somos\\\/\",\"url\":\"https:\\\/\\\/specialimo.com\\\/quem-somos\\\/\",\"name\":\"Quem Somos - Aluguer de carros e van com motorista - Specialimo\",\"isPartOf\":{\"@id\":\"https:\\\/\\\/specialimo.com\\\/#website\"},\"datePublished\":\"2023-10-11T08:38:22+00:00\",\"dateModified\":\"2024-10-04T22:48:39+00:00\",\"breadcrumb\":{\"@id\":\"https:\\\/\\\/specialimo.com\\\/quem-somos\\\/#breadcrumb\"},\"inLanguage\":\"fr-FR\",\"potentialAction\":[{\"@type\":\"ReadAction\",\"target\":[\"https:\\\/\\\/specialimo.com\\\/quem-somos\\\/\"]}]},{\"@type\":\"BreadcrumbList\",\"@id\":\"https:\\\/\\\/specialimo.com\\\/quem-somos\\\/#breadcrumb\",\"itemListElement\":[{\"@type\":\"ListItem\",\"position\":1,\"name\":\"In\u00edcio\",\"item\":\"https:\\\/\\\/specialimo.com\\\/\"},{\"@type\":\"ListItem\",\"position\":2,\"name\":\"Quem Somos\"}]},{\"@type\":\"WebSite\",\"@id\":\"https:\\\/\\\/specialimo.com\\\/#website\",\"url\":\"https:\\\/\\\/specialimo.com\\\/\",\"name\":\"Aluguer de carros e van com motorista - Specialimo\",\"description\":\" Aluguer de carros, van, minibus e autocarro com motorista\",\"publisher\":{\"@id\":\"https:\\\/\\\/specialimo.com\\\/#organization\"},\"potentialAction\":[{\"@type\":\"SearchAction\",\"target\":{\"@type\":\"EntryPoint\",\"urlTemplate\":\"https:\\\/\\\/specialimo.com\\\/?s={search_term_string}\"},\"query-input\":{\"@type\":\"PropertyValueSpecification\",\"valueRequired\":true,\"valueName\":\"search_term_string\"}}],\"inLanguage\":\"fr-FR\"},{\"@type\":\"Organization\",\"@id\":\"https:\\\/\\\/specialimo.com\\\/#organization\",\"name\":\"Aluguer de carros e van com motorista - Specialimo\",\"url\":\"https:\\\/\\\/specialimo.com\\\/\",\"logo\":{\"@type\":\"ImageObject\",\"inLanguage\":\"fr-FR\",\"@id\":\"https:\\\/\\\/specialimo.com\\\/#\\\/schema\\\/logo\\\/image\\\/\",\"url\":\"https:\\\/\\\/specialimo.com\\\/wp-content\\\/uploads\\\/2023\\\/10\\\/logo.png\",\"contentUrl\":\"https:\\\/\\\/specialimo.com\\\/wp-content\\\/uploads\\\/2023\\\/10\\\/logo.png\",\"width\":422,\"height\":165,\"caption\":\"Aluguer de carros e van com motorista - Specialimo\"},\"image\":{\"@id\":\"https:\\\/\\\/specialimo.com\\\/#\\\/schema\\\/logo\\\/image\\\/\"}}]}<\/script>\n<!-- \/ Yoast SEO plugin. -->","yoast_head_json":{"title":"Quem Somos - Aluguer de carros e van com motorista - Specialimo","robots":{"index":"index","follow":"follow","max-snippet":"max-snippet:-1","max-image-preview":"max-image-preview:large","max-video-preview":"max-video-preview:-1"},"canonical":"https:\/\/specialimo.com\/fr\/quem-somos\/","og_locale":"fr_FR","og_type":"article","og_title":"Quem Somos - Aluguer de carros e van com motorista - Specialimo","og_description":"Aluguer de carros e vanscom motorista A NOSSA EMPRESA A Specialimo \u00e9 uma empresa de aluguer de viaturas de luxo, minibus e autocarros com motorista. Tem sede em Portugal mas opera em toda a Pen\u00ednsula Ib\u00e9rica. Contamos com uma grande experi\u00eancia nesta \u00e1rea, fruto do trabalho di\u00e1rio com os nossos clientes e dos v\u00e1rios anos [&hellip;]","og_url":"https:\/\/specialimo.com\/fr\/quem-somos\/","og_site_name":"Aluguer de carros e van com motorista - Specialimo","article_modified_time":"2024-10-04T22:48:39+00:00","twitter_card":"summary_large_image","twitter_misc":{"Dur\u00e9e de lecture estim\u00e9e":"2 minutes"},"schema":{"@context":"https:\/\/schema.org","@graph":[{"@type":"WebPage","@id":"https:\/\/specialimo.com\/quem-somos\/","url":"https:\/\/specialimo.com\/quem-somos\/","name":"Quem Somos - Aluguer de carros e van com motorista - Specialimo","isPartOf":{"@id":"https:\/\/specialimo.com\/#website"},"datePublished":"2023-10-11T08:38:22+00:00","dateModified":"2024-10-04T22:48:39+00:00","breadcrumb":{"@id":"https:\/\/specialimo.com\/quem-somos\/#breadcrumb"},"inLanguage":"fr-FR","potentialAction":[{"@type":"ReadAction","target":["https:\/\/specialimo.com\/quem-somos\/"]}]},{"@type":"BreadcrumbList","@id":"https:\/\/specialimo.com\/quem-somos\/#breadcrumb","itemListElement":[{"@type":"ListItem","position":1,"name":"In\u00edcio","item":"https:\/\/specialimo.com\/"},{"@type":"ListItem","position":2,"name":"Quem Somos"}]},{"@type":"WebSite","@id":"https:\/\/specialimo.com\/#website","url":"https:\/\/specialimo.com\/","name":"Aluguer de carros e van com motorista - Specialimo","description":"Aluguer de carros, van, minibus e autocarro com motorista","publisher":{"@id":"https:\/\/specialimo.com\/#organization"},"potentialAction":[{"@type":"SearchAction","target":{"@type":"EntryPoint","urlTemplate":"https:\/\/specialimo.com\/?s={search_term_string}"},"query-input":{"@type":"PropertyValueSpecification","valueRequired":true,"valueName":"search_term_string"}}],"inLanguage":"fr-FR"},{"@type":"Organization","@id":"https:\/\/specialimo.com\/#organization","name":"Aluguer de carros e van com motorista - Specialimo","url":"https:\/\/specialimo.com\/","logo":{"@type":"ImageObject","inLanguage":"fr-FR","@id":"https:\/\/specialimo.com\/#\/schema\/logo\/image\/","url":"https:\/\/specialimo.com\/wp-content\/uploads\/2023\/10\/logo.png","contentUrl":"https:\/\/specialimo.com\/wp-content\/uploads\/2023\/10\/logo.png","width":422,"height":165,"caption":"Aluguer de carros e van com motorista - Specialimo"},"image":{"@id":"https:\/\/specialimo.com\/#\/schema\/logo\/image\/"}}]}},"_links":{"self":[{"href":"https:\/\/specialimo.com\/fr\/wp-json\/wp\/v2\/pages\/219","targetHints":{"allow":["GET"]}}],"collection":[{"href":"https:\/\/specialimo.com\/fr\/wp-json\/wp\/v2\/pages"}],"about":[{"href":"https:\/\/specialimo.com\/fr\/wp-json\/wp\/v2\/types\/page"}],"author":[{"embeddable":true,"href":"https:\/\/specialimo.com\/fr\/wp-json\/wp\/v2\/users\/1"}],"replies":[{"embeddable":true,"href":"https:\/\/specialimo.com\/fr\/wp-json\/wp\/v2\/comments?post=219"}],"version-history":[{"count":26,"href":"https:\/\/specialimo.com\/fr\/wp-json\/wp\/v2\/pages\/219\/revisions"}],"predecessor-version":[{"id":3891,"href":"https:\/\/specialimo.com\/fr\/wp-json\/wp\/v2\/pages\/219\/revisions\/3891"}],"wp:attachment":[{"href":"https:\/\/specialimo.com\/fr\/wp-json\/wp\/v2\/media?parent=219"}],"curies":[{"name":"wp","href":"https:\/\/api.w.org\/{rel}","templated":true}]}}